{"id":8277,"date":"2025-09-22T11:22:51","date_gmt":"2025-09-22T11:22:51","guid":{"rendered":"https:\/\/abeuradorcoop.com\/?page_id=8277"},"modified":"2025-09-22T12:07:59","modified_gmt":"2025-09-22T12:07:59","slug":"nuestra-historia","status":"publish","type":"page","link":"https:\/\/abeuradorcoop.com\/ca\/nuestra-historia\/","title":{"rendered":"La nostra hist\u00f2ria"},"content":{"rendered":"<div data-elementor-type=\"wp-page\" data-elementor-id=\"8277\" class=\"elementor elementor-8277\" data-elementor-post-type=\"page\">\n\t\t\t\t<div class=\"elementor-element elementor-element-3c13ef34 e-flex e-con-boxed e-con e-parent\" data-id=\"3c13ef34\" data-element_type=\"container\" data-e-type=\"container\" data-settings=\"{&quot;background_background&quot;:&quot;classic&quot;,&quot;background_motion_fx_motion_fx_scrolling&quot;:&quot;yes&quot;,&quot;background_motion_fx_scale_effect&quot;:&quot;yes&quot;,&quot;background_motion_fx_scale_direction&quot;:&quot;in-out-in&quot;,&quot;background_motion_fx_scale_speed&quot;:{&quot;unit&quot;:&quot;px&quot;,&quot;size&quot;:4,&quot;sizes&quot;:[]},&quot;background_motion_fx_scale_range&quot;:{&quot;unit&quot;:&quot;%&quot;,&quot;size&quot;:&quot;&quot;,&quot;sizes&quot;:{&quot;start&quot;:20,&quot;end&quot;:80}},&quot;background_motion_fx_devices&quot;:[&quot;widescreen&quot;,&quot;desktop&quot;,&quot;laptop&quot;,&quot;tablet_extra&quot;,&quot;tablet&quot;,&quot;mobile_extra&quot;,&quot;mobile&quot;]}\">\n\t\t\t\t\t<div class=\"e-con-inner\">\n\t\t\t\t\t<\/div>\n\t\t\t\t<\/div>\n\t\t<div class=\"elementor-element elementor-element-436a58be e-flex e-con-boxed e-con e-parent\" data-id=\"436a58be\" data-element_type=\"container\" data-e-type=\"container\" data-settings=\"{&quot;background_background&quot;:&quot;classic&quot;}\">\n\t\t\t\t\t<div class=\"e-con-inner\">\n\t\t<div class=\"elementor-element elementor-element-39e221b0 e-con-full e-flex elementor-invisible e-con e-child\" data-id=\"39e221b0\" data-element_type=\"container\" data-e-type=\"container\" data-settings=\"{&quot;animation&quot;:&quot;fadeIn&quot;}\">\n\t\t\t\t<div class=\"elementor-element elementor-element-61ae62e0 elementor-widget elementor-widget-heading\" data-id=\"61ae62e0\" data-element_type=\"widget\" data-e-type=\"widget\" data-widget_type=\"heading.default\">\n\t\t\t\t\t<h2 class=\"elementor-heading-title elementor-size-default\">Hnos. Margalef Sanjuan\n<\/h2>\t\t\t\t<\/div>\n\t\t\t\t<div class=\"elementor-element elementor-element-312f20bb elementor-widget elementor-widget-text-editor\" data-id=\"312f20bb\" data-element_type=\"widget\" data-e-type=\"widget\" data-widget_type=\"text-editor.default\">\n\t\t\t\t\t\t\t\t\t<p>\u00a0<\/p><p>La Ramaderia de caps de bestiar Germans Margalef Sanjuan \u00e9s la m\u00e9s antiga de tot Catalunya. Els seus inicis daten del 1883, amb la compra de 25 vaques, un cabestre, un semental i un eral a Nazario Carriquirri, arribo als 150 caps de bestiar. El 1936, amb la guerra civil espanyola, la ramaderia va arribar a baixar a 35 caps, recuperant-se a l'Illa de Gr\u00e0cia al Delta de l'Ebre. El 1952 ingressa a la prestigiosa AGL (Associaci\u00f3 de Ramaderies de Lidia).<\/p><p>Fins als anys setanta, s'han corregut corregudes de j\u00f2necs a: Castell\u00f3, Tarragona, Girona, Benassal, Vinar\u00f2s, Alcany\u00eds, Illes Balears (Inca i Felanix), moment en qu\u00e8 es decideix centrar el rumb de la ramaderia cap al festeig popular, tan tradicional en aquestes terres.<\/p><p>Aquest segle, la base del bestiar ha estat l'encast Santa Coloma i l'encast Villamarta, amb una arrel de casta Navarra. El 2006, despr\u00e9s d'un buit de corral, s'ha refrescat amb animals de la Rebomba \u201cJ. Mar\u00eda Arnillas\u201d (via Nicasio Casas), Jose Lu\u00eds Cuartero i Hnos. Mailyn (encast Nogu\u00e9), els tres aragonesos i Manolo Beltran (via Sonia Gonzalez) de Cabanes Castell\u00f3.<\/p><p>El 2006 i el 2009 la ramaderia va guanyar el premi a la millor tarda a la setmana taurina d'Amposta i millor vaca amb \u201cMejicana\u201d tots dos anys. El 2010 Va obtenir el premi a la millor ramaderia a la setmana taurina Vila de Puzol i ramaderia triomfadora a la setmana taurina de Segorbe. La vaca \u201cLoca\u201d va guanyar el premi a la millor vaca a la setmana taurina Vila de Puzol. El 2011 Va obtenir el premi a la millor ramaderia Vila de Puzol amb \u201cLoca\u201d, \u201cLlavero\u201d i \u201cArtillero\u201d com a millors vaca, bou i vedell respectivament. Sent l'\u00fanica ramaderia fins ara a guanyar dos anys consecutius, tamb\u00e9 va ser la ramaderia triomfadora a la setmana taurina de la Vilavella el 2011 i 2012, sent la vaca \u201cMejicana\u201d la millor de la setmana. El 2012 la vaca \u201cLoca\u201d va obtenir el premi a la millor vaca al concurs de la Pasqua Taurina d'Onda.<\/p><p>La Ramaderia ha dissenyat la finca \"Lo Rac\u00f3 de S\u00e8neca\" amb la idea de poder donar a con\u00e8ixer al turisme tan ancestral negoci a terres catalanes, la finca compta amb corrals de maneig, pla\u00e7a de palpentes i menjador, a m\u00e9s fusiona a la perfecci\u00f3 la cria del toro de l\u00eddia amb l'explotaci\u00f3 dels oliveres que ens donen l'oli d'oli.<\/p><p>Des del 2017 s'organitzen a Amposta, al mes de desembre, unes taules rodones per enfocar el toro des del punt de vista medi ambiental, per impulsar producte cultural, tur\u00edstic i alimentari derivat de la cria de brau en sistema extensiu. La primera va ser en solitari i les posteriors han estat mitjan\u00e7ant l'Associaci\u00f3 de Criadors de Brau de les Terres de l'Ebre juntament amb altres ramaders de la zona. \u00c9s un projecte innovador que repensant el toro i el seu m\u00f3n, busca noves vies per posar en valor la cria de toro brau a les Terres de l'Ebre.\u00a0<\/p><p>Des del mar\u00e7 del 2019, la ramaderia porta la gesti\u00f3 de l'Illa dels Bous situada a Vinallop.<\/p>\t\t\t\t\t\t\t\t<\/div>\n\t\t\t\t<\/div>\n\t\t\t\t\t<\/div>\n\t\t\t\t<\/div>\n\t\t<div class=\"elementor-element elementor-element-4eaf8382 e-flex e-con-boxed elementor-invisible e-con e-parent\" data-id=\"4eaf8382\" data-element_type=\"container\" data-e-type=\"container\" data-settings=\"{&quot;background_background&quot;:&quot;classic&quot;,&quot;animation&quot;:&quot;fadeIn&quot;}\">\n\t\t\t\t\t<div class=\"e-con-inner\">\n\t\t\t\t<div class=\"elementor-element elementor-element-383b7eb3 elementor-widget elementor-widget-heading\" data-id=\"383b7eb3\" data-element_type=\"widget\" data-e-type=\"widget\" data-widget_type=\"heading.default\">\n\t\t\t\t\t<h2 class=\"elementor-heading-title elementor-size-default\">Vine i viu l'experi\u00e8ncia en persona<\/h2>\t\t\t\t<\/div>\n\t\t\t\t<div class=\"elementor-element elementor-element-23f07b9a elementor-align-center elementor-mobile-align-justify elementor-widget elementor-widget-button\" data-id=\"23f07b9a\" data-element_type=\"widget\" data-e-type=\"widget\" data-widget_type=\"button.default\">\n\t\t\t\t\t\t\t\t\t\t<a class=\"elementor-button elementor-button-link elementor-size-sm elementor-animation-grow\" href=\"#\">\n\t\t\t\t\t\t<span class=\"elementor-button-content-wrapper\">\n\t\t\t\t\t\t\t\t\t<span class=\"elementor-button-text\">Visitar la finca<\/span>\n\t\t\t\t\t<\/span>\n\t\t\t\t\t<\/a>\n\t\t\t\t\t\t\t\t<\/div>\n\t\t\t\t\t<\/div>\n\t\t\t\t<\/div>\n\t\t\t\t<\/div>","protected":false},"excerpt":{"rendered":"<p>Hnos. Margalef Sanjuan \u00a0 La Ganaderia de reses bravas Hermanos Margalef Sanjuan es la m\u00e1s\u00a0 antigua de toda Catalu\u00f1a. Sus inicios datan del 1883, con la compra de 25 vacas, un cabestro, un semental y un eral a Nazario Carriquirri, llegango a las 150 cabezas de ganado. El 1936, con la guerra civil espa\u00f1ola, la [&hellip;]<\/p>","protected":false},"author":2,"featured_media":0,"parent":0,"menu_order":0,"comment_status":"closed","ping_status":"open","template":"","meta":{"footnotes":""},"class_list":["post-8277","page","type-page","status-publish","hentry"],"yoast_head":"<!-- This site is optimized with the Yoast SEO plugin v27.4 - https:\/\/yoast.com\/product\/yoast-seo-wordpress\/ -->\n<title>Nuestra historia - abeuradorcoop.com<\/title>\n<meta name=\"robots\" content=\"index, follow, max-snippet:-1, max-image-preview:large, max-video-preview:-1\" \/>\n<link rel=\"canonical\" href=\"https:\/\/abeuradorcoop.com\/ca\/nuestra-historia\/\" \/>\n<meta property=\"og:locale\" content=\"ca_ES\" \/>\n<meta property=\"og:type\" content=\"article\" \/>\n<meta property=\"og:title\" content=\"Nuestra historia - abeuradorcoop.com\" \/>\n<meta property=\"og:description\" content=\"Hnos. Margalef Sanjuan \u00a0 La Ganaderia de reses bravas Hermanos Margalef Sanjuan es la m\u00e1s\u00a0 antigua de toda Catalu\u00f1a. Sus inicios datan del 1883, con la compra de 25 vacas, un cabestro, un semental y un eral a Nazario Carriquirri, llegango a las 150 cabezas de ganado. El 1936, con la guerra civil espa\u00f1ola, la [&hellip;]\" \/>\n<meta property=\"og:url\" content=\"https:\/\/abeuradorcoop.com\/ca\/nuestra-historia\/\" \/>\n<meta property=\"og:site_name\" content=\"abeuradorcoop.com\" \/>\n<meta property=\"article:modified_time\" content=\"2025-09-22T12:07:59+00:00\" \/>\n<meta name=\"twitter:card\" content=\"summary_large_image\" \/>\n<meta name=\"twitter:label1\" content=\"Temps estimat de lectura\" \/>\n\t<meta name=\"twitter:data1\" content=\"3 minuts\" \/>\n<script type=\"application\/ld+json\" class=\"yoast-schema-graph\">{\"@context\":\"https:\\\/\\\/schema.org\",\"@graph\":[{\"@type\":\"WebPage\",\"@id\":\"https:\\\/\\\/abeuradorcoop.com\\\/en\\\/nuestra-historia\\\/\",\"url\":\"https:\\\/\\\/abeuradorcoop.com\\\/en\\\/nuestra-historia\\\/\",\"name\":\"Nuestra historia - abeuradorcoop.com\",\"isPartOf\":{\"@id\":\"https:\\\/\\\/abeuradorcoop.com\\\/#website\"},\"datePublished\":\"2025-09-22T11:22:51+00:00\",\"dateModified\":\"2025-09-22T12:07:59+00:00\",\"breadcrumb\":{\"@id\":\"https:\\\/\\\/abeuradorcoop.com\\\/en\\\/nuestra-historia\\\/#breadcrumb\"},\"inLanguage\":\"ca\",\"potentialAction\":[{\"@type\":\"ReadAction\",\"target\":[\"https:\\\/\\\/abeuradorcoop.com\\\/en\\\/nuestra-historia\\\/\"]}]},{\"@type\":\"BreadcrumbList\",\"@id\":\"https:\\\/\\\/abeuradorcoop.com\\\/en\\\/nuestra-historia\\\/#breadcrumb\",\"itemListElement\":[{\"@type\":\"ListItem\",\"position\":1,\"name\":\"Portada\",\"item\":\"https:\\\/\\\/abeuradorcoop.com\\\/\"},{\"@type\":\"ListItem\",\"position\":2,\"name\":\"Nuestra historia\"}]},{\"@type\":\"WebSite\",\"@id\":\"https:\\\/\\\/abeuradorcoop.com\\\/#website\",\"url\":\"https:\\\/\\\/abeuradorcoop.com\\\/\",\"name\":\"abeuradorcoop.com\",\"description\":\"\",\"potentialAction\":[{\"@type\":\"SearchAction\",\"target\":{\"@type\":\"EntryPoint\",\"urlTemplate\":\"https:\\\/\\\/abeuradorcoop.com\\\/?s={search_term_string}\"},\"query-input\":{\"@type\":\"PropertyValueSpecification\",\"valueRequired\":true,\"valueName\":\"search_term_string\"}}],\"inLanguage\":\"ca\"}]}<\/script>\n<!-- \/ Yoast SEO plugin. -->","yoast_head_json":{"title":"Nuestra historia - abeuradorcoop.com","robots":{"index":"index","follow":"follow","max-snippet":"max-snippet:-1","max-image-preview":"max-image-preview:large","max-video-preview":"max-video-preview:-1"},"canonical":"https:\/\/abeuradorcoop.com\/ca\/nuestra-historia\/","og_locale":"ca_ES","og_type":"article","og_title":"Nuestra historia - abeuradorcoop.com","og_description":"Hnos. Margalef Sanjuan \u00a0 La Ganaderia de reses bravas Hermanos Margalef Sanjuan es la m\u00e1s\u00a0 antigua de toda Catalu\u00f1a. Sus inicios datan del 1883, con la compra de 25 vacas, un cabestro, un semental y un eral a Nazario Carriquirri, llegango a las 150 cabezas de ganado. El 1936, con la guerra civil espa\u00f1ola, la [&hellip;]","og_url":"https:\/\/abeuradorcoop.com\/ca\/nuestra-historia\/","og_site_name":"abeuradorcoop.com","article_modified_time":"2025-09-22T12:07:59+00:00","twitter_card":"summary_large_image","twitter_misc":{"Temps estimat de lectura":"3 minuts"},"schema":{"@context":"https:\/\/schema.org","@graph":[{"@type":"WebPage","@id":"https:\/\/abeuradorcoop.com\/en\/nuestra-historia\/","url":"https:\/\/abeuradorcoop.com\/en\/nuestra-historia\/","name":"Nuestra historia - abeuradorcoop.com","isPartOf":{"@id":"https:\/\/abeuradorcoop.com\/#website"},"datePublished":"2025-09-22T11:22:51+00:00","dateModified":"2025-09-22T12:07:59+00:00","breadcrumb":{"@id":"https:\/\/abeuradorcoop.com\/en\/nuestra-historia\/#breadcrumb"},"inLanguage":"ca","potentialAction":[{"@type":"ReadAction","target":["https:\/\/abeuradorcoop.com\/en\/nuestra-historia\/"]}]},{"@type":"BreadcrumbList","@id":"https:\/\/abeuradorcoop.com\/en\/nuestra-historia\/#breadcrumb","itemListElement":[{"@type":"ListItem","position":1,"name":"Portada","item":"https:\/\/abeuradorcoop.com\/"},{"@type":"ListItem","position":2,"name":"Nuestra historia"}]},{"@type":"WebSite","@id":"https:\/\/abeuradorcoop.com\/#website","url":"https:\/\/abeuradorcoop.com\/","name":"abeuradorcoop.com","description":"","potentialAction":[{"@type":"SearchAction","target":{"@type":"EntryPoint","urlTemplate":"https:\/\/abeuradorcoop.com\/?s={search_term_string}"},"query-input":{"@type":"PropertyValueSpecification","valueRequired":true,"valueName":"search_term_string"}}],"inLanguage":"ca"}]}},"_links":{"self":[{"href":"https:\/\/abeuradorcoop.com\/ca\/wp-json\/wp\/v2\/pages\/8277","targetHints":{"allow":["GET"]}}],"collection":[{"href":"https:\/\/abeuradorcoop.com\/ca\/wp-json\/wp\/v2\/pages"}],"about":[{"href":"https:\/\/abeuradorcoop.com\/ca\/wp-json\/wp\/v2\/types\/page"}],"author":[{"embeddable":true,"href":"https:\/\/abeuradorcoop.com\/ca\/wp-json\/wp\/v2\/users\/2"}],"replies":[{"embeddable":true,"href":"https:\/\/abeuradorcoop.com\/ca\/wp-json\/wp\/v2\/comments?post=8277"}],"version-history":[{"count":16,"href":"https:\/\/abeuradorcoop.com\/ca\/wp-json\/wp\/v2\/pages\/8277\/revisions"}],"predecessor-version":[{"id":8370,"href":"https:\/\/abeuradorcoop.com\/ca\/wp-json\/wp\/v2\/pages\/8277\/revisions\/8370"}],"wp:attachment":[{"href":"https:\/\/abeuradorcoop.com\/ca\/wp-json\/wp\/v2\/media?parent=8277"}],"curies":[{"name":"wp","href":"https:\/\/api.w.org\/{rel}","templated":true}]}}