{"id":8277,"date":"2025-09-22T11:22:51","date_gmt":"2025-09-22T11:22:51","guid":{"rendered":"https:\/\/abeuradorcoop.com\/?page_id=8277"},"modified":"2025-09-22T12:07:59","modified_gmt":"2025-09-22T12:07:59","slug":"nuestra-historia","status":"publish","type":"page","link":"https:\/\/abeuradorcoop.com\/en\/nuestra-historia\/","title":{"rendered":"Our history"},"content":{"rendered":"<div data-elementor-type=\"wp-page\" data-elementor-id=\"8277\" class=\"elementor elementor-8277\" data-elementor-post-type=\"page\">\n\t\t\t\t<div class=\"elementor-element elementor-element-3c13ef34 e-flex e-con-boxed e-con e-parent\" data-id=\"3c13ef34\" data-element_type=\"container\" data-e-type=\"container\" data-settings=\"{&quot;background_background&quot;:&quot;classic&quot;,&quot;background_motion_fx_motion_fx_scrolling&quot;:&quot;yes&quot;,&quot;background_motion_fx_scale_effect&quot;:&quot;yes&quot;,&quot;background_motion_fx_scale_direction&quot;:&quot;in-out-in&quot;,&quot;background_motion_fx_scale_speed&quot;:{&quot;unit&quot;:&quot;px&quot;,&quot;size&quot;:4,&quot;sizes&quot;:[]},&quot;background_motion_fx_scale_range&quot;:{&quot;unit&quot;:&quot;%&quot;,&quot;size&quot;:&quot;&quot;,&quot;sizes&quot;:{&quot;start&quot;:20,&quot;end&quot;:80}},&quot;background_motion_fx_devices&quot;:[&quot;widescreen&quot;,&quot;desktop&quot;,&quot;laptop&quot;,&quot;tablet_extra&quot;,&quot;tablet&quot;,&quot;mobile_extra&quot;,&quot;mobile&quot;]}\">\n\t\t\t\t\t<div class=\"e-con-inner\">\n\t\t\t\t\t<\/div>\n\t\t\t\t<\/div>\n\t\t<div class=\"elementor-element elementor-element-436a58be e-flex e-con-boxed e-con e-parent\" data-id=\"436a58be\" data-element_type=\"container\" data-e-type=\"container\" data-settings=\"{&quot;background_background&quot;:&quot;classic&quot;}\">\n\t\t\t\t\t<div class=\"e-con-inner\">\n\t\t<div class=\"elementor-element elementor-element-39e221b0 e-con-full e-flex elementor-invisible e-con e-child\" data-id=\"39e221b0\" data-element_type=\"container\" data-e-type=\"container\" data-settings=\"{&quot;animation&quot;:&quot;fadeIn&quot;}\">\n\t\t\t\t<div class=\"elementor-element elementor-element-61ae62e0 elementor-widget elementor-widget-heading\" data-id=\"61ae62e0\" data-element_type=\"widget\" data-e-type=\"widget\" data-widget_type=\"heading.default\">\n\t\t\t\t\t<h2 class=\"elementor-heading-title elementor-size-default\">Brothers Margalef Sanjuan\n<\/h2>\t\t\t\t<\/div>\n\t\t\t\t<div class=\"elementor-element elementor-element-312f20bb elementor-widget elementor-widget-text-editor\" data-id=\"312f20bb\" data-element_type=\"widget\" data-e-type=\"widget\" data-widget_type=\"text-editor.default\">\n\t\t\t\t\t\t\t\t\t<p>\u00a0<\/p><p>The Hermanos Margalef Sanjuan fighting bull ranch is the oldest in all of Catalonia. Its beginnings date back to 1883, with the purchase of 25 cows, a bull, a stallion, and a young bull from Nazario Carriquirri, growing to 150 head of cattle. In 1936, with the Spanish Civil War, the ranch dropped to 35 head, recovering on the \"Illa de Gracia\" in the Ebro Delta. In 1952, it joined the prestigious AGL (Association of Fighting Bull Ranches).<\/p><p>Until the 1970s, bullfights were held in Castell\u00f3n, Tarragona, Gerona, Benasal, Vinaroz, Alca\u00f1iz, and the Balearic Islands (Inca and Felanix), when it was decided to focus the direction of the livestock industry on popular festivals, so traditional in these lands.<\/p><p>In this century, the foundation of the herd has been the Santa Coloma and Villamarta strains, with a Navarra caste root. In 2006, after a vacancy in the corral, the herd was refreshed with animals from the Rebomba \"J. Mar\u00eda Arnillas\" (Nicasio Casas route), Jose Lu\u00eds Cuartero and Hnos. Mailyn (Nogu\u00e9 caste), the three Aragonese, and Manolo Beltran (Sonia Gonzalez route) from Cabanes Castell\u00f3n.<\/p><p>In 2006 and 2009, the ranch won the award for the best afternoon at the Amposta bullfighting week, and best cow with \"Mejicana\" both years. In 2010, it won the award for the best ranch at the Vila de Puzol bullfighting week and the winning ranch at the Segorbe bullfighting week. The cow \"Loca\" won the award for the best cow at the Vila de Puzol bullfighting week. At the Segorbe bullfighting week, and at the Cat\u00ed bullfighting week, the bull \"Cerrajero\" won the award for the best bull at the Vila de Puzol bullfighting week. In 2011, it won the award for the best ranch in Vila de Puzol with \"Loca\", \"Llavero\", and \"Artillero\" as the best cow, bull, and steer, respectively. The only ranch to win two consecutive years, it was also the winning ranch at Villavieja Bullfighting Week in 2011 and 2012, with the \"Mejicana\" cow being the best of the week. In 2012, the \"Loca\" cow won the award for best cow at the Easter Bullfighting competition in Onda.<\/p><p>The ranch has designed the \"Lo Rac\u00f3 de S\u00e9neca\" estate with the aim of introducing tourists to this ancient Catalan business. The estate features corrals, a bullfighting ring, and a dining hall. It also perfectly blends the breeding of fighting bulls with the cultivation of olive groves that provide us with our world-renowned extra virgin olive oil.<\/p><p>Since 2017, roundtable discussions have been held in Amposta every December to focus on the bull from an environmental perspective, promoting cultural, tourism, and food products derived from extensive breeding of fighting bulls. The first was a solo event, and subsequent ones have been organized through the \"L'Associaci\u00f3 de Breadors de Brau de les Terres de l'Ebre\" (The Association of Bull Breeders of Terres de l'Ebre) in conjunction with other local ranchers. This is an innovative project that, by rethinking the bull and its world, seeks new ways to enhance the value of fighting bull breeding in Terres de l'Ebre.\u00a0<\/p><p>Since March 2019, the farm has been managing the \u201cIlla dels Bous\u201d located in Vinallop.<\/p>\t\t\t\t\t\t\t\t<\/div>\n\t\t\t\t<\/div>\n\t\t\t\t\t<\/div>\n\t\t\t\t<\/div>\n\t\t<div class=\"elementor-element elementor-element-4eaf8382 e-flex e-con-boxed elementor-invisible e-con e-parent\" data-id=\"4eaf8382\" data-element_type=\"container\" data-e-type=\"container\" data-settings=\"{&quot;background_background&quot;:&quot;classic&quot;,&quot;animation&quot;:&quot;fadeIn&quot;}\">\n\t\t\t\t\t<div class=\"e-con-inner\">\n\t\t\t\t<div class=\"elementor-element elementor-element-383b7eb3 elementor-widget elementor-widget-heading\" data-id=\"383b7eb3\" data-element_type=\"widget\" data-e-type=\"widget\" data-widget_type=\"heading.default\">\n\t\t\t\t\t<h2 class=\"elementor-heading-title elementor-size-default\">Come and experience it in person<\/h2>\t\t\t\t<\/div>\n\t\t\t\t<div class=\"elementor-element elementor-element-23f07b9a elementor-align-center elementor-mobile-align-justify elementor-widget elementor-widget-button\" data-id=\"23f07b9a\" data-element_type=\"widget\" data-e-type=\"widget\" data-widget_type=\"button.default\">\n\t\t\t\t\t\t\t\t\t\t<a class=\"elementor-button elementor-button-link elementor-size-sm elementor-animation-grow\" href=\"#\">\n\t\t\t\t\t\t<span class=\"elementor-button-content-wrapper\">\n\t\t\t\t\t\t\t\t\t<span class=\"elementor-button-text\">Visit the farm<\/span>\n\t\t\t\t\t<\/span>\n\t\t\t\t\t<\/a>\n\t\t\t\t\t\t\t\t<\/div>\n\t\t\t\t\t<\/div>\n\t\t\t\t<\/div>\n\t\t\t\t<\/div>","protected":false},"excerpt":{"rendered":"<p>Hnos. Margalef Sanjuan \u00a0 La Ganaderia de reses bravas Hermanos Margalef Sanjuan es la m\u00e1s\u00a0 antigua de toda Catalu\u00f1a. Sus inicios datan del 1883, con la compra de 25 vacas, un cabestro, un semental y un eral a Nazario Carriquirri, llegango a las 150 cabezas de ganado. El 1936, con la guerra civil espa\u00f1ola, la [&hellip;]<\/p>","protected":false},"author":2,"featured_media":0,"parent":0,"menu_order":0,"comment_status":"closed","ping_status":"open","template":"","meta":{"footnotes":""},"class_list":["post-8277","page","type-page","status-publish","hentry"],"yoast_head":"<!-- This site is optimized with the Yoast SEO plugin v27.4 - https:\/\/yoast.com\/product\/yoast-seo-wordpress\/ -->\n<title>Nuestra historia - abeuradorcoop.com<\/title>\n<meta name=\"robots\" content=\"index, follow, max-snippet:-1, max-image-preview:large, max-video-preview:-1\" \/>\n<link rel=\"canonical\" href=\"https:\/\/abeuradorcoop.com\/en\/nuestra-historia\/\" \/>\n<meta property=\"og:locale\" content=\"en_US\" \/>\n<meta property=\"og:type\" content=\"article\" \/>\n<meta property=\"og:title\" content=\"Nuestra historia - abeuradorcoop.com\" \/>\n<meta property=\"og:description\" content=\"Hnos. Margalef Sanjuan \u00a0 La Ganaderia de reses bravas Hermanos Margalef Sanjuan es la m\u00e1s\u00a0 antigua de toda Catalu\u00f1a. Sus inicios datan del 1883, con la compra de 25 vacas, un cabestro, un semental y un eral a Nazario Carriquirri, llegango a las 150 cabezas de ganado. El 1936, con la guerra civil espa\u00f1ola, la [&hellip;]\" \/>\n<meta property=\"og:url\" content=\"https:\/\/abeuradorcoop.com\/en\/nuestra-historia\/\" \/>\n<meta property=\"og:site_name\" content=\"abeuradorcoop.com\" \/>\n<meta property=\"article:modified_time\" content=\"2025-09-22T12:07:59+00:00\" \/>\n<meta name=\"twitter:card\" content=\"summary_large_image\" \/>\n<meta name=\"twitter:label1\" content=\"Est. reading time\" \/>\n\t<meta name=\"twitter:data1\" content=\"3 minutes\" \/>\n<script type=\"application\/ld+json\" class=\"yoast-schema-graph\">{\"@context\":\"https:\\\/\\\/schema.org\",\"@graph\":[{\"@type\":\"WebPage\",\"@id\":\"https:\\\/\\\/abeuradorcoop.com\\\/en\\\/nuestra-historia\\\/\",\"url\":\"https:\\\/\\\/abeuradorcoop.com\\\/en\\\/nuestra-historia\\\/\",\"name\":\"Nuestra historia - abeuradorcoop.com\",\"isPartOf\":{\"@id\":\"https:\\\/\\\/abeuradorcoop.com\\\/#website\"},\"datePublished\":\"2025-09-22T11:22:51+00:00\",\"dateModified\":\"2025-09-22T12:07:59+00:00\",\"breadcrumb\":{\"@id\":\"https:\\\/\\\/abeuradorcoop.com\\\/en\\\/nuestra-historia\\\/#breadcrumb\"},\"inLanguage\":\"en-US\",\"potentialAction\":[{\"@type\":\"ReadAction\",\"target\":[\"https:\\\/\\\/abeuradorcoop.com\\\/en\\\/nuestra-historia\\\/\"]}]},{\"@type\":\"BreadcrumbList\",\"@id\":\"https:\\\/\\\/abeuradorcoop.com\\\/en\\\/nuestra-historia\\\/#breadcrumb\",\"itemListElement\":[{\"@type\":\"ListItem\",\"position\":1,\"name\":\"Portada\",\"item\":\"https:\\\/\\\/abeuradorcoop.com\\\/\"},{\"@type\":\"ListItem\",\"position\":2,\"name\":\"Nuestra historia\"}]},{\"@type\":\"WebSite\",\"@id\":\"https:\\\/\\\/abeuradorcoop.com\\\/#website\",\"url\":\"https:\\\/\\\/abeuradorcoop.com\\\/\",\"name\":\"abeuradorcoop.com\",\"description\":\"\",\"potentialAction\":[{\"@type\":\"SearchAction\",\"target\":{\"@type\":\"EntryPoint\",\"urlTemplate\":\"https:\\\/\\\/abeuradorcoop.com\\\/?s={search_term_string}\"},\"query-input\":{\"@type\":\"PropertyValueSpecification\",\"valueRequired\":true,\"valueName\":\"search_term_string\"}}],\"inLanguage\":\"en-US\"}]}<\/script>\n<!-- \/ Yoast SEO plugin. -->","yoast_head_json":{"title":"Nuestra historia - abeuradorcoop.com","robots":{"index":"index","follow":"follow","max-snippet":"max-snippet:-1","max-image-preview":"max-image-preview:large","max-video-preview":"max-video-preview:-1"},"canonical":"https:\/\/abeuradorcoop.com\/en\/nuestra-historia\/","og_locale":"en_US","og_type":"article","og_title":"Nuestra historia - abeuradorcoop.com","og_description":"Hnos. Margalef Sanjuan \u00a0 La Ganaderia de reses bravas Hermanos Margalef Sanjuan es la m\u00e1s\u00a0 antigua de toda Catalu\u00f1a. Sus inicios datan del 1883, con la compra de 25 vacas, un cabestro, un semental y un eral a Nazario Carriquirri, llegango a las 150 cabezas de ganado. El 1936, con la guerra civil espa\u00f1ola, la [&hellip;]","og_url":"https:\/\/abeuradorcoop.com\/en\/nuestra-historia\/","og_site_name":"abeuradorcoop.com","article_modified_time":"2025-09-22T12:07:59+00:00","twitter_card":"summary_large_image","twitter_misc":{"Est. reading time":"3 minutes"},"schema":{"@context":"https:\/\/schema.org","@graph":[{"@type":"WebPage","@id":"https:\/\/abeuradorcoop.com\/en\/nuestra-historia\/","url":"https:\/\/abeuradorcoop.com\/en\/nuestra-historia\/","name":"Nuestra historia - abeuradorcoop.com","isPartOf":{"@id":"https:\/\/abeuradorcoop.com\/#website"},"datePublished":"2025-09-22T11:22:51+00:00","dateModified":"2025-09-22T12:07:59+00:00","breadcrumb":{"@id":"https:\/\/abeuradorcoop.com\/en\/nuestra-historia\/#breadcrumb"},"inLanguage":"en-US","potentialAction":[{"@type":"ReadAction","target":["https:\/\/abeuradorcoop.com\/en\/nuestra-historia\/"]}]},{"@type":"BreadcrumbList","@id":"https:\/\/abeuradorcoop.com\/en\/nuestra-historia\/#breadcrumb","itemListElement":[{"@type":"ListItem","position":1,"name":"Portada","item":"https:\/\/abeuradorcoop.com\/"},{"@type":"ListItem","position":2,"name":"Nuestra historia"}]},{"@type":"WebSite","@id":"https:\/\/abeuradorcoop.com\/#website","url":"https:\/\/abeuradorcoop.com\/","name":"abeuradorcoop.com","description":"","potentialAction":[{"@type":"SearchAction","target":{"@type":"EntryPoint","urlTemplate":"https:\/\/abeuradorcoop.com\/?s={search_term_string}"},"query-input":{"@type":"PropertyValueSpecification","valueRequired":true,"valueName":"search_term_string"}}],"inLanguage":"en-US"}]}},"_links":{"self":[{"href":"https:\/\/abeuradorcoop.com\/en\/wp-json\/wp\/v2\/pages\/8277","targetHints":{"allow":["GET"]}}],"collection":[{"href":"https:\/\/abeuradorcoop.com\/en\/wp-json\/wp\/v2\/pages"}],"about":[{"href":"https:\/\/abeuradorcoop.com\/en\/wp-json\/wp\/v2\/types\/page"}],"author":[{"embeddable":true,"href":"https:\/\/abeuradorcoop.com\/en\/wp-json\/wp\/v2\/users\/2"}],"replies":[{"embeddable":true,"href":"https:\/\/abeuradorcoop.com\/en\/wp-json\/wp\/v2\/comments?post=8277"}],"version-history":[{"count":16,"href":"https:\/\/abeuradorcoop.com\/en\/wp-json\/wp\/v2\/pages\/8277\/revisions"}],"predecessor-version":[{"id":8370,"href":"https:\/\/abeuradorcoop.com\/en\/wp-json\/wp\/v2\/pages\/8277\/revisions\/8370"}],"wp:attachment":[{"href":"https:\/\/abeuradorcoop.com\/en\/wp-json\/wp\/v2\/media?parent=8277"}],"curies":[{"name":"wp","href":"https:\/\/api.w.org\/{rel}","templated":true}]}}